{"id":2648,"date":"2022-12-19T10:32:28","date_gmt":"2022-12-19T07:32:28","guid":{"rendered":"https:\/\/kayahan.com\/?page_id=2648"},"modified":"2025-08-18T17:38:26","modified_gmt":"2025-08-18T14:38:26","slug":"information-society-services","status":"publish","type":"page","link":"https:\/\/kayahan.com\/en\/information-society-services\/","title":{"rendered":"Information Society Services"},"content":{"rendered":"<p style=\"text-align: left;\">&#8220;Kayahan&#8221; is the brand of Konsanta\u015f Hidrolik Makine Anonim \u015eirketi<\/p>\n<p style=\"text-align: left;\">&#8220;Kayahan&#8221; Konsanta\u015f Hidrolik Makine Anonim \u015eirketi markas\u0131d\u0131r.<\/p>\n<table style=\"border-collapse: collapse; width: 100%; max-width: 875px;\" width=\"875\" cellspacing=\"0\" cellpadding=\"6\">\n<tbody>\n<tr>\n<td><strong>Company Name<\/strong><\/td>\n<td><strong>\u015eirket \u0130smi<\/strong><\/td>\n<td>KONSANTA\u015e H\u0130DROL\u0130K MAK\u0130NE ANON\u0130M \u015e\u0130RKET\u0130<\/td>\n<\/tr>\n<tr>\n<td><strong>Address<\/strong><\/td>\n<td><strong>Adres<\/strong><\/td>\n<td>B\u00fcy\u00fckkayac\u0131k OSB Mah. 21 Nolu Sok. No:1<\/td>\n<\/tr>\n<tr>\n<td><\/td>\n<td><\/td>\n<td>42160 Sel\u00e7uklu \/ KONYA \u2013 T\u00dcRK\u0130YE<\/td>\n<\/tr>\n<tr>\n<td><strong>MERSIS Number<\/strong><\/td>\n<td><strong>Mersis Numaras\u0131<\/strong><\/td>\n<td>576003902900012<\/td>\n<\/tr>\n<tr>\n<td><strong>Trade Registry Number<\/strong><\/td>\n<td><strong>Ticaret Sicil Numaras\u0131<\/strong><\/td>\n<td>Konya \/ 5944<\/td>\n<\/tr>\n<tr>\n<td><strong>Tax Number<\/strong><\/td>\n<td><strong>Vergi Numaras\u0131<\/strong><\/td>\n<td>Sel\u00e7uk \/ 576 003 9029<\/td>\n<\/tr>\n<tr>\n<td><strong>Capital<\/strong><\/td>\n<td><strong>Sermaye<\/strong><\/td>\n<td>130.000.000,00<\/td>\n<\/tr>\n<tr>\n<td><strong>Paid-in Capital<\/strong><\/td>\n<td><strong>\u00d6denmi\u015f Sermaye<\/strong><\/td>\n<td>130.000.000,00<\/td>\n<\/tr>\n<tr>\n<td><strong>Executive Board<\/strong><\/td>\n<td><strong>Y\u00f6netim Kurulu<\/strong><\/td>\n<td><\/td>\n<\/tr>\n<tr>\n<td><strong>Chairperson<\/strong><\/td>\n<td><strong>Y.K. Ba\u015fkan\u0131<\/strong><\/td>\n<td>Sevda Kayhan YILMAZ<\/td>\n<\/tr>\n<tr>\n<td><strong>Vice Chairperson<\/strong><\/td>\n<td><strong>Y.K. Ba\u015fkan Yard.<\/strong><\/td>\n<td>Aysen Kayhan BABACAN<\/td>\n<\/tr>\n<tr>\n<td><strong>Member<\/strong><\/td>\n<td><strong>Y.K. \u00dcyesi<\/strong><\/td>\n<td>Deniz Genez AYDIN<\/td>\n<\/tr>\n<tr>\n<td><strong>Member<\/strong><\/td>\n<td><strong>Y.K. \u00dcyesi<\/strong><\/td>\n<td>Fatma BALTA<\/td>\n<\/tr>\n<tr>\n<td><strong>Member<\/strong><\/td>\n<td><strong>Y.K. \u00dcyesi<\/strong><\/td>\n<td>Sevsen Kayhan KORKUT<\/td>\n<\/tr>\n<tr>\n<td><strong>Member<\/strong><\/td>\n<td><strong>Y.K. \u00dcyesi<\/strong><\/td>\n<td>Hansen Kayhan CENGE<\/td>\n<\/tr>\n<tr>\n<td><strong>Member<\/strong><\/td>\n<td><strong>Y.K. \u00dcyesi<\/strong><\/td>\n<td>Elif YILMAZ<\/td>\n<\/tr>\n<tr>\n<td><strong>Auditor<\/strong><\/td>\n<td><strong>Denet\u00e7i<\/strong><\/td>\n<td><\/td>\n<\/tr>\n<tr>\n<td><strong>Period<\/strong><\/td>\n<td><strong>D\u00f6nem<\/strong><\/td>\n<td>2024<\/td>\n<\/tr>\n<tr>\n<td><strong>Company Name<\/strong><\/td>\n<td><strong>\u015eirket \u0130smi<\/strong><\/td>\n<td>HAL\u0130\u00c7 BA\u011eIMSIZ DENET\u0130M VE DANI\u015eMANLIK A.\u015e.<\/td>\n<\/tr>\n<tr>\n<td><strong>Address<\/strong><\/td>\n<td><strong>Adres<\/strong><\/td>\n<td>\u0130kitelli OSB Mh. Giyim Sanatkarlar\u0131 1A Blok Sk., Ticaret Merkezi 1A Blok No:303<\/td>\n<\/tr>\n<tr>\n<td><\/td>\n<td><\/td>\n<td>Ba\u015fak\u015fehir \/ \u0130STANBUL<\/td>\n<\/tr>\n<tr>\n<td><strong>Registry Number<\/strong><\/td>\n<td><strong>Kay\u0131t Numaras\u0131<\/strong><\/td>\n<td>80798-5<\/td>\n<\/tr>\n<p><!-- \u0130STENEN YEN\u0130 MERS\u0130S SATIRI (EN ALTA) --><\/p>\n<tr>\n<td><strong>MERSIS Number<\/strong><\/td>\n<td><strong>Mersis Numaras\u0131<\/strong><\/td>\n<td>455039185600001<\/td>\n<\/tr>\n<\/tbody>\n<\/table>\n","protected":false},"excerpt":{"rendered":"<p>&#8220;Kayahan&#8221; is the brand of Konsanta\u015f Hidrolik Makine Anonim \u015eirketi &#8220;Kayahan&#8221; Konsanta\u015f Hidrolik Makine Anonim \u015eirketi markas\u0131d\u0131r. Company Name \u015eirket \u0130smi KONSANTA\u015e H\u0130DROL\u0130K MAK\u0130NE ANON\u0130M&#8230;<\/p>\n","protected":false},"author":2,"featured_media":0,"parent":0,"menu_order":2,"comment_status":"closed","ping_status":"closed","template":"page-factsandfigure.php","meta":{"inline_featured_image":false,"footnotes":""},"class_list":["post-2648","page","type-page","status-publish","hentry"],"yoast_head":"<!-- This site is optimized with the Yoast SEO plugin v18.3 - https:\/\/yoast.com\/wordpress\/plugins\/seo\/ -->\n<title>Information Society Services - Kayahan Hydraulics<\/title>\n<meta name=\"robots\" content=\"index, follow, max-snippet:-1, max-image-preview:large, max-video-preview:-1\" \/>\n<link rel=\"canonical\" href=\"https:\/\/kayahan.com\/en\/information-society-services\/\" \/>\n<meta property=\"og:locale\" content=\"en_US\" \/>\n<meta property=\"og:type\" content=\"article\" \/>\n<meta property=\"og:title\" content=\"Information Society Services - Kayahan Hydraulics\" \/>\n<meta property=\"og:description\" content=\"&#8220;Kayahan&#8221; is the brand of Konsanta\u015f Hidrolik Makine Anonim \u015eirketi &#8220;Kayahan&#8221; Konsanta\u015f Hidrolik Makine Anonim \u015eirketi markas\u0131d\u0131r. Company Name \u015eirket \u0130smi KONSANTA\u015e H\u0130DROL\u0130K MAK\u0130NE ANON\u0130M...\" \/>\n<meta property=\"og:url\" content=\"https:\/\/kayahan.com\/en\/information-society-services\/\" \/>\n<meta property=\"og:site_name\" content=\"Kayahan Hydraulics\" \/>\n<meta property=\"article:modified_time\" content=\"2025-08-18T14:38:26+00:00\" \/>\n<meta name=\"twitter:card\" content=\"summary_large_image\" \/>\n<meta name=\"twitter:label1\" content=\"Est. reading time\" \/>\n\t<meta name=\"twitter:data1\" content=\"1 minute\" \/>\n<script type=\"application\/ld+json\" class=\"yoast-schema-graph\">{\"@context\":\"https:\/\/schema.org\",\"@graph\":[{\"@type\":\"WebSite\",\"@id\":\"https:\/\/kayahan.com\/#website\",\"url\":\"https:\/\/kayahan.com\/\",\"name\":\"Kayahan Hydraulics\",\"description\":\"Bir ba\u015fka WordPress sitesi\",\"potentialAction\":[{\"@type\":\"SearchAction\",\"target\":{\"@type\":\"EntryPoint\",\"urlTemplate\":\"https:\/\/kayahan.com\/?s={search_term_string}\"},\"query-input\":\"required name=search_term_string\"}],\"inLanguage\":\"en-US\"},{\"@type\":\"WebPage\",\"@id\":\"https:\/\/kayahan.com\/en\/information-society-services\/#webpage\",\"url\":\"https:\/\/kayahan.com\/en\/information-society-services\/\",\"name\":\"Information Society Services - Kayahan Hydraulics\",\"isPartOf\":{\"@id\":\"https:\/\/kayahan.com\/#website\"},\"datePublished\":\"2022-12-19T07:32:28+00:00\",\"dateModified\":\"2025-08-18T14:38:26+00:00\",\"breadcrumb\":{\"@id\":\"https:\/\/kayahan.com\/en\/information-society-services\/#breadcrumb\"},\"inLanguage\":\"en-US\",\"potentialAction\":[{\"@type\":\"ReadAction\",\"target\":[\"https:\/\/kayahan.com\/en\/information-society-services\/\"]}]},{\"@type\":\"BreadcrumbList\",\"@id\":\"https:\/\/kayahan.com\/en\/information-society-services\/#breadcrumb\",\"itemListElement\":[{\"@type\":\"ListItem\",\"position\":1,\"name\":\"Anasayfa\",\"item\":\"https:\/\/kayahan.com\/en\/\"},{\"@type\":\"ListItem\",\"position\":2,\"name\":\"Information Society Services\"}]}]}<\/script>\n<!-- \/ Yoast SEO plugin. -->","yoast_head_json":{"title":"Information Society Services - Kayahan Hydraulics","robots":{"index":"index","follow":"follow","max-snippet":"max-snippet:-1","max-image-preview":"max-image-preview:large","max-video-preview":"max-video-preview:-1"},"canonical":"https:\/\/kayahan.com\/en\/information-society-services\/","og_locale":"en_US","og_type":"article","og_title":"Information Society Services - Kayahan Hydraulics","og_description":"&#8220;Kayahan&#8221; is the brand of Konsanta\u015f Hidrolik Makine Anonim \u015eirketi &#8220;Kayahan&#8221; Konsanta\u015f Hidrolik Makine Anonim \u015eirketi markas\u0131d\u0131r. Company Name \u015eirket \u0130smi KONSANTA\u015e H\u0130DROL\u0130K MAK\u0130NE ANON\u0130M...","og_url":"https:\/\/kayahan.com\/en\/information-society-services\/","og_site_name":"Kayahan Hydraulics","article_modified_time":"2025-08-18T14:38:26+00:00","twitter_card":"summary_large_image","twitter_misc":{"Est. reading time":"1 minute"},"schema":{"@context":"https:\/\/schema.org","@graph":[{"@type":"WebSite","@id":"https:\/\/kayahan.com\/#website","url":"https:\/\/kayahan.com\/","name":"Kayahan Hydraulics","description":"Bir ba\u015fka WordPress sitesi","potentialAction":[{"@type":"SearchAction","target":{"@type":"EntryPoint","urlTemplate":"https:\/\/kayahan.com\/?s={search_term_string}"},"query-input":"required name=search_term_string"}],"inLanguage":"en-US"},{"@type":"WebPage","@id":"https:\/\/kayahan.com\/en\/information-society-services\/#webpage","url":"https:\/\/kayahan.com\/en\/information-society-services\/","name":"Information Society Services - Kayahan Hydraulics","isPartOf":{"@id":"https:\/\/kayahan.com\/#website"},"datePublished":"2022-12-19T07:32:28+00:00","dateModified":"2025-08-18T14:38:26+00:00","breadcrumb":{"@id":"https:\/\/kayahan.com\/en\/information-society-services\/#breadcrumb"},"inLanguage":"en-US","potentialAction":[{"@type":"ReadAction","target":["https:\/\/kayahan.com\/en\/information-society-services\/"]}]},{"@type":"BreadcrumbList","@id":"https:\/\/kayahan.com\/en\/information-society-services\/#breadcrumb","itemListElement":[{"@type":"ListItem","position":1,"name":"Anasayfa","item":"https:\/\/kayahan.com\/en\/"},{"@type":"ListItem","position":2,"name":"Information Society Services"}]}]}},"_links":{"self":[{"href":"https:\/\/kayahan.com\/en\/wp-json\/wp\/v2\/pages\/2648","targetHints":{"allow":["GET"]}}],"collection":[{"href":"https:\/\/kayahan.com\/en\/wp-json\/wp\/v2\/pages"}],"about":[{"href":"https:\/\/kayahan.com\/en\/wp-json\/wp\/v2\/types\/page"}],"author":[{"embeddable":true,"href":"https:\/\/kayahan.com\/en\/wp-json\/wp\/v2\/users\/2"}],"replies":[{"embeddable":true,"href":"https:\/\/kayahan.com\/en\/wp-json\/wp\/v2\/comments?post=2648"}],"version-history":[{"count":28,"href":"https:\/\/kayahan.com\/en\/wp-json\/wp\/v2\/pages\/2648\/revisions"}],"predecessor-version":[{"id":3077,"href":"https:\/\/kayahan.com\/en\/wp-json\/wp\/v2\/pages\/2648\/revisions\/3077"}],"wp:attachment":[{"href":"https:\/\/kayahan.com\/en\/wp-json\/wp\/v2\/media?parent=2648"}],"curies":[{"name":"wp","href":"https:\/\/api.w.org\/{rel}","templated":true}]}}