{"id":2764,"date":"2023-07-24T11:34:29","date_gmt":"2023-07-24T08:34:29","guid":{"rendered":"https:\/\/kayahan.com\/?page_id=2764"},"modified":"2026-01-16T16:30:55","modified_gmt":"2026-01-16T13:30:55","slug":"konsantas","status":"publish","type":"page","link":"https:\/\/kayahan.com\/en\/konsantas\/","title":{"rendered":"Konsanta\u015f"},"content":{"rendered":"<div class=\"pdf-download-wrapper\">\n<div class=\"title\">\u015eirket Bilgileri<\/div>\n<ul>\n<li>\n\t<a href=\"https:\/\/kayahan.com\/en\/information-society-services\/\" target=\"_blank\" rel=\"noopener\"><br \/>\n\t\t<span style=\"padding: 20px;\">\u015eirket Bilgileri<\/span><br \/>\n\t<\/a><\/p>\n<\/li>\n<\/ul>\n<\/div>\n","protected":false},"excerpt":{"rendered":"<p>\u015eirket Bilgileri \u015eirket Bilgileri<\/p>\n","protected":false},"author":2,"featured_media":0,"parent":0,"menu_order":1,"comment_status":"closed","ping_status":"closed","template":"page-konsantas.php","meta":{"inline_featured_image":false,"footnotes":""},"class_list":["post-2764","page","type-page","status-publish","hentry"],"yoast_head":"<!-- This site is optimized with the Yoast SEO plugin v18.3 - https:\/\/yoast.com\/wordpress\/plugins\/seo\/ -->\n<title>Konsanta\u015f - Kayahan Hydraulics<\/title>\n<meta name=\"robots\" content=\"index, follow, max-snippet:-1, max-image-preview:large, max-video-preview:-1\" \/>\n<link rel=\"canonical\" href=\"https:\/\/kayahan.com\/en\/konsantas\/\" \/>\n<meta property=\"og:locale\" content=\"en_US\" \/>\n<meta property=\"og:type\" content=\"article\" \/>\n<meta property=\"og:title\" content=\"Konsanta\u015f - Kayahan Hydraulics\" \/>\n<meta property=\"og:description\" content=\"\u015eirket Bilgileri \u015eirket Bilgileri\" \/>\n<meta property=\"og:url\" content=\"https:\/\/kayahan.com\/en\/konsantas\/\" \/>\n<meta property=\"og:site_name\" content=\"Kayahan Hydraulics\" \/>\n<meta property=\"article:modified_time\" content=\"2026-01-16T13:30:55+00:00\" \/>\n<meta name=\"twitter:card\" content=\"summary_large_image\" \/>\n<script type=\"application\/ld+json\" class=\"yoast-schema-graph\">{\"@context\":\"https:\/\/schema.org\",\"@graph\":[{\"@type\":\"WebSite\",\"@id\":\"https:\/\/kayahan.com\/#website\",\"url\":\"https:\/\/kayahan.com\/\",\"name\":\"Kayahan Hydraulics\",\"description\":\"Bir ba\u015fka WordPress sitesi\",\"potentialAction\":[{\"@type\":\"SearchAction\",\"target\":{\"@type\":\"EntryPoint\",\"urlTemplate\":\"https:\/\/kayahan.com\/?s={search_term_string}\"},\"query-input\":\"required name=search_term_string\"}],\"inLanguage\":\"en-US\"},{\"@type\":\"WebPage\",\"@id\":\"https:\/\/kayahan.com\/en\/konsantas\/#webpage\",\"url\":\"https:\/\/kayahan.com\/en\/konsantas\/\",\"name\":\"Konsanta\u015f - Kayahan Hydraulics\",\"isPartOf\":{\"@id\":\"https:\/\/kayahan.com\/#website\"},\"datePublished\":\"2023-07-24T08:34:29+00:00\",\"dateModified\":\"2026-01-16T13:30:55+00:00\",\"breadcrumb\":{\"@id\":\"https:\/\/kayahan.com\/en\/konsantas\/#breadcrumb\"},\"inLanguage\":\"en-US\",\"potentialAction\":[{\"@type\":\"ReadAction\",\"target\":[\"https:\/\/kayahan.com\/en\/konsantas\/\"]}]},{\"@type\":\"BreadcrumbList\",\"@id\":\"https:\/\/kayahan.com\/en\/konsantas\/#breadcrumb\",\"itemListElement\":[{\"@type\":\"ListItem\",\"position\":1,\"name\":\"Anasayfa\",\"item\":\"https:\/\/kayahan.com\/en\/\"},{\"@type\":\"ListItem\",\"position\":2,\"name\":\"Konsanta\u015f\"}]}]}<\/script>\n<!-- \/ Yoast SEO plugin. -->","yoast_head_json":{"title":"Konsanta\u015f - Kayahan Hydraulics","robots":{"index":"index","follow":"follow","max-snippet":"max-snippet:-1","max-image-preview":"max-image-preview:large","max-video-preview":"max-video-preview:-1"},"canonical":"https:\/\/kayahan.com\/en\/konsantas\/","og_locale":"en_US","og_type":"article","og_title":"Konsanta\u015f - Kayahan Hydraulics","og_description":"\u015eirket Bilgileri \u015eirket Bilgileri","og_url":"https:\/\/kayahan.com\/en\/konsantas\/","og_site_name":"Kayahan Hydraulics","article_modified_time":"2026-01-16T13:30:55+00:00","twitter_card":"summary_large_image","schema":{"@context":"https:\/\/schema.org","@graph":[{"@type":"WebSite","@id":"https:\/\/kayahan.com\/#website","url":"https:\/\/kayahan.com\/","name":"Kayahan Hydraulics","description":"Bir ba\u015fka WordPress sitesi","potentialAction":[{"@type":"SearchAction","target":{"@type":"EntryPoint","urlTemplate":"https:\/\/kayahan.com\/?s={search_term_string}"},"query-input":"required name=search_term_string"}],"inLanguage":"en-US"},{"@type":"WebPage","@id":"https:\/\/kayahan.com\/en\/konsantas\/#webpage","url":"https:\/\/kayahan.com\/en\/konsantas\/","name":"Konsanta\u015f - Kayahan Hydraulics","isPartOf":{"@id":"https:\/\/kayahan.com\/#website"},"datePublished":"2023-07-24T08:34:29+00:00","dateModified":"2026-01-16T13:30:55+00:00","breadcrumb":{"@id":"https:\/\/kayahan.com\/en\/konsantas\/#breadcrumb"},"inLanguage":"en-US","potentialAction":[{"@type":"ReadAction","target":["https:\/\/kayahan.com\/en\/konsantas\/"]}]},{"@type":"BreadcrumbList","@id":"https:\/\/kayahan.com\/en\/konsantas\/#breadcrumb","itemListElement":[{"@type":"ListItem","position":1,"name":"Anasayfa","item":"https:\/\/kayahan.com\/en\/"},{"@type":"ListItem","position":2,"name":"Konsanta\u015f"}]}]}},"_links":{"self":[{"href":"https:\/\/kayahan.com\/en\/wp-json\/wp\/v2\/pages\/2764","targetHints":{"allow":["GET"]}}],"collection":[{"href":"https:\/\/kayahan.com\/en\/wp-json\/wp\/v2\/pages"}],"about":[{"href":"https:\/\/kayahan.com\/en\/wp-json\/wp\/v2\/types\/page"}],"author":[{"embeddable":true,"href":"https:\/\/kayahan.com\/en\/wp-json\/wp\/v2\/users\/2"}],"replies":[{"embeddable":true,"href":"https:\/\/kayahan.com\/en\/wp-json\/wp\/v2\/comments?post=2764"}],"version-history":[{"count":22,"href":"https:\/\/kayahan.com\/en\/wp-json\/wp\/v2\/pages\/2764\/revisions"}],"predecessor-version":[{"id":3320,"href":"https:\/\/kayahan.com\/en\/wp-json\/wp\/v2\/pages\/2764\/revisions\/3320"}],"wp:attachment":[{"href":"https:\/\/kayahan.com\/en\/wp-json\/wp\/v2\/media?parent=2764"}],"curies":[{"name":"wp","href":"https:\/\/api.w.org\/{rel}","templated":true}]}}